{"id":4417,"date":"2024-05-15T16:17:46","date_gmt":"2024-05-15T16:17:46","guid":{"rendered":"https:\/\/www.cowandynamics.com\/politica-de-cookies\/"},"modified":"2025-02-13T22:10:27","modified_gmt":"2025-02-13T22:10:27","slug":"politica-de-cookies","status":"publish","type":"page","link":"https:\/\/www.cowandynamics.com\/es\/politica-de-cookies\/","title":{"rendered":"Pol\u00edtica de cookies"},"content":{"rendered":"\t\t<div data-elementor-type=\"wp-page\" data-elementor-id=\"4417\" class=\"elementor elementor-4417 elementor-3583\" data-elementor-post-type=\"page\">\n\t\t\t\t\t\t<section class=\"elementor-section elementor-top-section elementor-element elementor-element-57fd925 elementor-section-boxed elementor-section-height-default elementor-section-height-default\" data-id=\"57fd925\" data-element_type=\"section\" data-e-type=\"section\" data-settings=\"{&quot;background_background&quot;:&quot;classic&quot;}\">\n\t\t\t\t\t\t<div class=\"elementor-container elementor-column-gap-default\">\n\t\t\t\t\t<div class=\"elementor-column elementor-col-100 elementor-top-column elementor-element elementor-element-6b3628c6\" data-id=\"6b3628c6\" data-element_type=\"column\" data-e-type=\"column\">\n\t\t\t<div class=\"elementor-widget-wrap elementor-element-populated\">\n\t\t\t\t\t\t<section class=\"elementor-section elementor-inner-section elementor-element elementor-element-33e9a665 elementor-section-boxed elementor-section-height-default elementor-section-height-default\" data-id=\"33e9a665\" data-element_type=\"section\" data-e-type=\"section\">\n\t\t\t\t\t\t<div class=\"elementor-container elementor-column-gap-default\">\n\t\t\t\t\t<div class=\"elementor-column elementor-col-50 elementor-inner-column elementor-element elementor-element-72449836\" data-id=\"72449836\" data-element_type=\"column\" data-e-type=\"column\">\n\t\t\t<div class=\"elementor-widget-wrap elementor-element-populated\">\n\t\t\t\t\t\t<div class=\"elementor-element elementor-element-6ee75457 cown-heading  elementor-widget__width-initial elementor-widget elementor-widget-heading\" data-id=\"6ee75457\" data-element_type=\"widget\" data-e-type=\"widget\" data-widget_type=\"heading.default\">\n\t\t\t\t<div class=\"elementor-widget-container\">\n\t\t\t\t\t<h1 class=\"elementor-heading-title elementor-size-default\"><span>Pol\u00edtica de cookies<\/span><\/h1>\t\t\t\t<\/div>\n\t\t\t\t<\/div>\n\t\t\t\t\t<\/div>\n\t\t<\/div>\n\t\t\t\t<div class=\"elementor-column elementor-col-50 elementor-inner-column elementor-element elementor-element-73980fe8\" data-id=\"73980fe8\" data-element_type=\"column\" data-e-type=\"column\">\n\t\t\t<div class=\"elementor-widget-wrap\">\n\t\t\t\t\t\t\t<\/div>\n\t\t<\/div>\n\t\t\t\t\t<\/div>\n\t\t<\/section>\n\t\t\t\t\t<\/div>\n\t\t<\/div>\n\t\t\t\t\t<\/div>\n\t\t<\/section>\n\t\t\t\t<section class=\"elementor-section elementor-top-section elementor-element elementor-element-4974340a elementor-section-boxed elementor-section-height-default elementor-section-height-default\" data-id=\"4974340a\" data-element_type=\"section\" data-e-type=\"section\">\n\t\t\t\t\t\t<div class=\"elementor-container elementor-column-gap-default\">\n\t\t\t\t\t<div class=\"elementor-column elementor-col-100 elementor-top-column elementor-element elementor-element-78256aba\" data-id=\"78256aba\" data-element_type=\"column\" data-e-type=\"column\">\n\t\t\t<div class=\"elementor-widget-wrap elementor-element-populated\">\n\t\t\t\t\t\t<div class=\"elementor-element elementor-element-51a60113 elementor-widget elementor-widget-text-editor\" data-id=\"51a60113\" data-element_type=\"widget\" data-e-type=\"widget\" data-widget_type=\"text-editor.default\">\n\t\t\t\t<div class=\"elementor-widget-container\">\n\t\t\t\t\t\t\t\t\t<p>Cowan Dynamics Inc. \u2013 Pol\u00edtica de cookies <\/p>\n<p>Fecha de entrada en vigor: 15 de septiembre de 2023<\/p>\n<p>\u00a1Bienvenido a Cowan Dynamics!<\/p>\n<p>Esta Pol\u00edtica de Cookies explica c\u00f3mo Cowan Dynamics Inc. (\u00abnosotros\u00bb, \u00abnuestro\u00bb o \u00abnos\u00bb), que opera el sitio web en https:\/\/www.cowandynamics.com, utiliza cookies y tecnolog\u00edas de seguimiento similares cuando usted visita nuestro sitio web.<\/p>\n<p><strong>1. \u00bfQu\u00e9 son las cookies?<\/strong><\/p>\n<p>Las cookies son peque\u00f1os archivos de texto que se almacenan en su dispositivo (ordenador, tel\u00e9fono inteligente o tableta) cuando visita un sitio web. Sirven para varios prop\u00f3sitos, entre ellos hacer que los sitios web funcionen de manera eficiente y proporcionar informaci\u00f3n a los propietarios de sitios web. <\/p>\n<p><strong>2. \u00bfPor qu\u00e9 utilizamos cookies?<\/strong><\/p>\n<p>Utilizamos cookies para los siguientes fines:<\/p>\n<p>Cookies esenciales: Estas cookies son necesarias para la funcionalidad b\u00e1sica de nuestro sitio web, lo que le permite navegar y utilizar sus funciones.<\/p>\n<p>Cookies de rendimiento: Utilizamos estas cookies para recopilar informaci\u00f3n sobre sus interacciones con nuestro sitio web, lo que nos ayuda a mejorar su rendimiento y la experiencia del usuario.<\/p>\n<p>Cookies de funcionalidad: Las cookies de funcionalidad recuerdan sus preferencias, como el idioma o la regi\u00f3n, para mejorar su experiencia de usuario.<\/p>\n<p><strong>3. Tipos de cookies que utilizamos<\/strong><\/p>\n<p>Cookies de sesi\u00f3n: Cookies temporales que se borran al cerrar el navegador web.<\/p>\n<p>Cookies persistentes: Cookies que permanecen en su dispositivo durante un periodo determinado, incluso despu\u00e9s de cerrar el navegador, utilizadas para fines como recordar la informaci\u00f3n de inicio de sesi\u00f3n.<\/p>\n<p><strong>4. C\u00f3mo controlar las cookies<\/strong><\/p>\n<p>Puede controlar y gestionar las cookies en la configuraci\u00f3n de su navegador web. La mayor\u00eda de los navegadores le permiten: <\/p>\n<p>Ver las cookies almacenadas en su dispositivo.<\/p>\n<p>Aceptar o rechazar cookies, por sitio o globalmente.<\/p>\n<p>Borre las cookies de su dispositivo.<\/p>\n<p>Tenga en cuenta que bloquear o eliminar las cookies puede afectar a su experiencia en nuestro sitio web. Para obtener informaci\u00f3n m\u00e1s detallada sobre la gesti\u00f3n de cookies, consulte la documentaci\u00f3n de ayuda de su navegador. <\/p>\n<p><strong>5. Modificaciones de esta pol\u00edtica<\/strong><\/p>\n<p>Podemos actualizar esta Pol\u00edtica de Cookies para reflejar los cambios en nuestras pr\u00e1cticas de cookies. Los cambios significativos se comunicar\u00e1n mediante avisos en nuestro sitio web o por correo electr\u00f3nico. Por favor, revise la pol\u00edtica actualizada, y su uso continuado de nuestro sitio web despu\u00e9s de los cambios indica su aceptaci\u00f3n.  <\/p>\n<p><strong>6. P\u00f3ngase en contacto con nosotros<\/strong><\/p>\n<p>Si tiene alguna pregunta sobre nuestro uso de las cookies o sobre esta Pol\u00edtica de Cookies, p\u00f3ngase en contacto con nosotros:<\/p>\n<p>Correo electr\u00f3nico: privacy@cowandynamics.com<\/p>\n<p>Direcci\u00f3n postal:<\/p>\n<p>Cowan Dynamics Inc<br \/>6194 rue Notre-Dame Ouest<br \/>Montreal, Quebec<br \/>Canada, H4C 1V4<\/p>\n<p>Tel\u00e9fono: +1-514-341-3415<\/p>\n<p>For more information about how we handle your personal data, please refer to our <a href=\"https:\/\/www.cowandynamics.com\/es\/politica-de-privacidad\/\">Privacy Policy<\/a>.<\/p>\n\t\t\t\t\t\t\t\t<\/div>\n\t\t\t\t<\/div>\n\t\t\t\t\t<\/div>\n\t\t<\/div>\n\t\t\t\t\t<\/div>\n\t\t<\/section>\n\t\t\t\t<\/div>\n\t\t","protected":false},"excerpt":{"rendered":"<p>Pol\u00edtica de cookies Cowan Dynamics Inc. \u2013 Pol\u00edtica de cookies Fecha de entrada en vigor: 15 de septiembre de 2023 \u00a1Bienvenido a Cowan Dynamics! Esta Pol\u00edtica de Cookies explica c\u00f3mo Cowan Dynamics Inc. (\u00abnosotros\u00bb, \u00abnuestro\u00bb o \u00abnos\u00bb), que opera el sitio web en https:\/\/www.cowandynamics.com, utiliza cookies y tecnolog\u00edas de seguimiento similares cuando usted visita nuestro [&hellip;]<\/p>\n","protected":false},"author":2,"featured_media":0,"parent":0,"menu_order":0,"comment_status":"closed","ping_status":"closed","template":"","meta":{"_acf_changed":false,"content-type":"","site-sidebar-layout":"no-sidebar","site-content-layout":"","ast-site-content-layout":"full-width-container","site-content-style":"default","site-sidebar-style":"default","ast-global-header-display":"","ast-banner-title-visibility":"","ast-main-header-display":"","ast-hfb-above-header-display":"","ast-hfb-below-header-display":"","ast-hfb-mobile-header-display":"","site-post-title":"disabled","ast-breadcrumbs-content":"","ast-featured-img":"disabled","footer-sml-layout":"","ast-disable-related-posts":"","theme-transparent-header-meta":"","adv-header-id-meta":"","stick-header-meta":"","header-above-stick-meta":"","header-main-stick-meta":"","header-below-stick-meta":"","astra-migrate-meta-layouts":"default","ast-page-background-enabled":"default","ast-page-background-meta":{"desktop":{"background-color":"var(--ast-global-color-4)","background-image":"","background-repeat":"repeat","background-position":"center center","background-size":"auto","background-attachment":"scroll","background-type":"","background-media":"","overlay-type":"","overlay-color":"","overlay-opacity":"","overlay-gradient":""},"tablet":{"background-color":"","background-image":"","background-repeat":"repeat","background-position":"center center","background-size":"auto","background-attachment":"scroll","background-type":"","background-media":"","overlay-type":"","overlay-color":"","overlay-opacity":"","overlay-gradient":""},"mobile":{"background-color":"","background-image":"","background-repeat":"repeat","background-position":"center center","background-size":"auto","background-attachment":"scroll","background-type":"","background-media":"","overlay-type":"","overlay-color":"","overlay-opacity":"","overlay-gradient":""}},"ast-content-background-meta":{"desktop":{"background-color":"var(--ast-global-color-5)","background-image":"","background-repeat":"repeat","background-position":"center center","background-size":"auto","background-attachment":"scroll","background-type":"","background-media":"","overlay-type":"","overlay-color":"","overlay-opacity":"","overlay-gradient":""},"tablet":{"background-color":"var(--ast-global-color-5)","background-image":"","background-repeat":"repeat","background-position":"center center","background-size":"auto","background-attachment":"scroll","background-type":"","background-media":"","overlay-type":"","overlay-color":"","overlay-opacity":"","overlay-gradient":""},"mobile":{"background-color":"var(--ast-global-color-5)","background-image":"","background-repeat":"repeat","background-position":"center center","background-size":"auto","background-attachment":"scroll","background-type":"","background-media":"","overlay-type":"","overlay-color":"","overlay-opacity":"","overlay-gradient":""}},"footnotes":""},"categories":[],"tags":[],"class_list":["post-4417","page","type-page","status-publish","hentry"],"acf":[],"yoast_head":"<!-- This site is optimized with the Yoast SEO plugin v27.5 - https:\/\/yoast.com\/product\/yoast-seo-wordpress\/ -->\n<title>Pol\u00edtica de cookies - Cowan Dynamics<\/title>\n<meta name=\"robots\" content=\"index, follow, max-snippet:-1, max-image-preview:large, max-video-preview:-1\" \/>\n<link rel=\"canonical\" href=\"https:\/\/www.cowandynamics.com\/es\/politica-de-cookies\/\" \/>\n<meta property=\"og:locale\" content=\"es_ES\" \/>\n<meta property=\"og:type\" content=\"article\" \/>\n<meta property=\"og:title\" content=\"Pol\u00edtica de cookies - Cowan Dynamics\" \/>\n<meta property=\"og:description\" content=\"Pol\u00edtica de cookies Cowan Dynamics Inc. \u2013 Pol\u00edtica de cookies Fecha de entrada en vigor: 15 de septiembre de 2023 \u00a1Bienvenido a Cowan Dynamics! Esta Pol\u00edtica de Cookies explica c\u00f3mo Cowan Dynamics Inc. (\u00abnosotros\u00bb, \u00abnuestro\u00bb o \u00abnos\u00bb), que opera el sitio web en https:\/\/www.cowandynamics.com, utiliza cookies y tecnolog\u00edas de seguimiento similares cuando usted visita nuestro [&hellip;]\" \/>\n<meta property=\"og:url\" content=\"https:\/\/www.cowandynamics.com\/es\/politica-de-cookies\/\" \/>\n<meta property=\"og:site_name\" content=\"Cowan Dynamics\" \/>\n<meta property=\"article:modified_time\" content=\"2025-02-13T22:10:27+00:00\" \/>\n<meta name=\"twitter:card\" content=\"summary_large_image\" \/>\n<meta name=\"twitter:label1\" content=\"Tiempo de lectura\" \/>\n\t<meta name=\"twitter:data1\" content=\"2 minutos\" \/>\n<script type=\"application\/ld+json\" class=\"yoast-schema-graph\">{\"@context\":\"https:\\\/\\\/schema.org\",\"@graph\":[{\"@type\":\"WebPage\",\"@id\":\"https:\\\/\\\/www.cowandynamics.com\\\/es\\\/politica-de-cookies\\\/\",\"url\":\"https:\\\/\\\/www.cowandynamics.com\\\/es\\\/politica-de-cookies\\\/\",\"name\":\"Pol\u00edtica de cookies - Cowan Dynamics\",\"isPartOf\":{\"@id\":\"https:\\\/\\\/www.cowandynamics.com\\\/es\\\/#website\"},\"datePublished\":\"2024-05-15T16:17:46+00:00\",\"dateModified\":\"2025-02-13T22:10:27+00:00\",\"breadcrumb\":{\"@id\":\"https:\\\/\\\/www.cowandynamics.com\\\/es\\\/politica-de-cookies\\\/#breadcrumb\"},\"inLanguage\":\"es\",\"potentialAction\":[{\"@type\":\"ReadAction\",\"target\":[\"https:\\\/\\\/www.cowandynamics.com\\\/es\\\/politica-de-cookies\\\/\"]}]},{\"@type\":\"BreadcrumbList\",\"@id\":\"https:\\\/\\\/www.cowandynamics.com\\\/es\\\/politica-de-cookies\\\/#breadcrumb\",\"itemListElement\":[{\"@type\":\"ListItem\",\"position\":1,\"name\":\"Home\",\"item\":\"https:\\\/\\\/www.cowandynamics.com\\\/es\\\/\"},{\"@type\":\"ListItem\",\"position\":2,\"name\":\"Pol\u00edtica de cookies\"}]},{\"@type\":\"WebSite\",\"@id\":\"https:\\\/\\\/www.cowandynamics.com\\\/es\\\/#website\",\"url\":\"https:\\\/\\\/www.cowandynamics.com\\\/es\\\/\",\"name\":\"Cowan Dynamics\",\"description\":\"Cowan Dynamics\",\"publisher\":{\"@id\":\"https:\\\/\\\/www.cowandynamics.com\\\/es\\\/#organization\"},\"potentialAction\":[{\"@type\":\"SearchAction\",\"target\":{\"@type\":\"EntryPoint\",\"urlTemplate\":\"https:\\\/\\\/www.cowandynamics.com\\\/es\\\/?s={search_term_string}\"},\"query-input\":{\"@type\":\"PropertyValueSpecification\",\"valueRequired\":true,\"valueName\":\"search_term_string\"}}],\"inLanguage\":\"es\"},{\"@type\":\"Organization\",\"@id\":\"https:\\\/\\\/www.cowandynamics.com\\\/es\\\/#organization\",\"name\":\"Cowan Dynamics\",\"url\":\"https:\\\/\\\/www.cowandynamics.com\\\/es\\\/\",\"logo\":{\"@type\":\"ImageObject\",\"inLanguage\":\"es\",\"@id\":\"https:\\\/\\\/www.cowandynamics.com\\\/es\\\/#\\\/schema\\\/logo\\\/image\\\/\",\"url\":\"https:\\\/\\\/www.cowandynamics.com\\\/wp-content\\\/uploads\\\/2024\\\/01\\\/Cowan_Log.png\",\"contentUrl\":\"https:\\\/\\\/www.cowandynamics.com\\\/wp-content\\\/uploads\\\/2024\\\/01\\\/Cowan_Log.png\",\"width\":256,\"height\":52,\"caption\":\"Cowan Dynamics\"},\"image\":{\"@id\":\"https:\\\/\\\/www.cowandynamics.com\\\/es\\\/#\\\/schema\\\/logo\\\/image\\\/\"}}]}<\/script>\n<!-- \/ Yoast SEO plugin. -->","yoast_head_json":{"title":"Pol\u00edtica de cookies - Cowan Dynamics","robots":{"index":"index","follow":"follow","max-snippet":"max-snippet:-1","max-image-preview":"max-image-preview:large","max-video-preview":"max-video-preview:-1"},"canonical":"https:\/\/www.cowandynamics.com\/es\/politica-de-cookies\/","og_locale":"es_ES","og_type":"article","og_title":"Pol\u00edtica de cookies - Cowan Dynamics","og_description":"Pol\u00edtica de cookies Cowan Dynamics Inc. \u2013 Pol\u00edtica de cookies Fecha de entrada en vigor: 15 de septiembre de 2023 \u00a1Bienvenido a Cowan Dynamics! Esta Pol\u00edtica de Cookies explica c\u00f3mo Cowan Dynamics Inc. (\u00abnosotros\u00bb, \u00abnuestro\u00bb o \u00abnos\u00bb), que opera el sitio web en https:\/\/www.cowandynamics.com, utiliza cookies y tecnolog\u00edas de seguimiento similares cuando usted visita nuestro [&hellip;]","og_url":"https:\/\/www.cowandynamics.com\/es\/politica-de-cookies\/","og_site_name":"Cowan Dynamics","article_modified_time":"2025-02-13T22:10:27+00:00","twitter_card":"summary_large_image","twitter_misc":{"Tiempo de lectura":"2 minutos"},"schema":{"@context":"https:\/\/schema.org","@graph":[{"@type":"WebPage","@id":"https:\/\/www.cowandynamics.com\/es\/politica-de-cookies\/","url":"https:\/\/www.cowandynamics.com\/es\/politica-de-cookies\/","name":"Pol\u00edtica de cookies - Cowan Dynamics","isPartOf":{"@id":"https:\/\/www.cowandynamics.com\/es\/#website"},"datePublished":"2024-05-15T16:17:46+00:00","dateModified":"2025-02-13T22:10:27+00:00","breadcrumb":{"@id":"https:\/\/www.cowandynamics.com\/es\/politica-de-cookies\/#breadcrumb"},"inLanguage":"es","potentialAction":[{"@type":"ReadAction","target":["https:\/\/www.cowandynamics.com\/es\/politica-de-cookies\/"]}]},{"@type":"BreadcrumbList","@id":"https:\/\/www.cowandynamics.com\/es\/politica-de-cookies\/#breadcrumb","itemListElement":[{"@type":"ListItem","position":1,"name":"Home","item":"https:\/\/www.cowandynamics.com\/es\/"},{"@type":"ListItem","position":2,"name":"Pol\u00edtica de cookies"}]},{"@type":"WebSite","@id":"https:\/\/www.cowandynamics.com\/es\/#website","url":"https:\/\/www.cowandynamics.com\/es\/","name":"Cowan Dynamics","description":"Cowan Dynamics","publisher":{"@id":"https:\/\/www.cowandynamics.com\/es\/#organization"},"potentialAction":[{"@type":"SearchAction","target":{"@type":"EntryPoint","urlTemplate":"https:\/\/www.cowandynamics.com\/es\/?s={search_term_string}"},"query-input":{"@type":"PropertyValueSpecification","valueRequired":true,"valueName":"search_term_string"}}],"inLanguage":"es"},{"@type":"Organization","@id":"https:\/\/www.cowandynamics.com\/es\/#organization","name":"Cowan Dynamics","url":"https:\/\/www.cowandynamics.com\/es\/","logo":{"@type":"ImageObject","inLanguage":"es","@id":"https:\/\/www.cowandynamics.com\/es\/#\/schema\/logo\/image\/","url":"https:\/\/www.cowandynamics.com\/wp-content\/uploads\/2024\/01\/Cowan_Log.png","contentUrl":"https:\/\/www.cowandynamics.com\/wp-content\/uploads\/2024\/01\/Cowan_Log.png","width":256,"height":52,"caption":"Cowan Dynamics"},"image":{"@id":"https:\/\/www.cowandynamics.com\/es\/#\/schema\/logo\/image\/"}}]}},"_links":{"self":[{"href":"https:\/\/www.cowandynamics.com\/es\/wp-json\/wp\/v2\/pages\/4417","targetHints":{"allow":["GET"]}}],"collection":[{"href":"https:\/\/www.cowandynamics.com\/es\/wp-json\/wp\/v2\/pages"}],"about":[{"href":"https:\/\/www.cowandynamics.com\/es\/wp-json\/wp\/v2\/types\/page"}],"author":[{"embeddable":true,"href":"https:\/\/www.cowandynamics.com\/es\/wp-json\/wp\/v2\/users\/2"}],"replies":[{"embeddable":true,"href":"https:\/\/www.cowandynamics.com\/es\/wp-json\/wp\/v2\/comments?post=4417"}],"version-history":[{"count":0,"href":"https:\/\/www.cowandynamics.com\/es\/wp-json\/wp\/v2\/pages\/4417\/revisions"}],"wp:attachment":[{"href":"https:\/\/www.cowandynamics.com\/es\/wp-json\/wp\/v2\/media?parent=4417"}],"wp:term":[{"taxonomy":"category","embeddable":true,"href":"https:\/\/www.cowandynamics.com\/es\/wp-json\/wp\/v2\/categories?post=4417"},{"taxonomy":"post_tag","embeddable":true,"href":"https:\/\/www.cowandynamics.com\/es\/wp-json\/wp\/v2\/tags?post=4417"}],"curies":[{"name":"wp","href":"https:\/\/api.w.org\/{rel}","templated":true}]}}