{"id":3821,"date":"2024-03-20T22:04:58","date_gmt":"2024-03-20T22:04:58","guid":{"rendered":"https:\/\/www.cowandynamics.com\/selecteur-de-produits\/"},"modified":"2024-09-30T16:04:23","modified_gmt":"2024-09-30T16:04:23","slug":"selecteur-de-produits","status":"publish","type":"page","link":"https:\/\/www.cowandynamics.com\/fr\/selecteur-de-produits\/","title":{"rendered":"S\u00e9lecteur de produits"},"content":{"rendered":"\t\t<div data-elementor-type=\"wp-page\" data-elementor-id=\"3821\" class=\"elementor elementor-3821 elementor-957\" data-elementor-post-type=\"page\">\n\t\t\t\t\t\t<section class=\"elementor-section elementor-top-section elementor-element elementor-element-e4f370f elementor-section-boxed elementor-section-height-default elementor-section-height-default\" data-id=\"e4f370f\" data-element_type=\"section\" data-e-type=\"section\" data-settings=\"{&quot;background_background&quot;:&quot;classic&quot;}\">\n\t\t\t\t\t\t<div class=\"elementor-container elementor-column-gap-default\">\n\t\t\t\t\t<div class=\"elementor-column elementor-col-100 elementor-top-column elementor-element elementor-element-f1d3ba8\" data-id=\"f1d3ba8\" data-element_type=\"column\" data-e-type=\"column\">\n\t\t\t<div class=\"elementor-widget-wrap elementor-element-populated\">\n\t\t\t\t\t\t<div class=\"elementor-element elementor-element-0ab3024 elementor-widget elementor-widget-heading\" data-id=\"0ab3024\" data-element_type=\"widget\" data-e-type=\"widget\" data-widget_type=\"heading.default\">\n\t\t\t\t<div class=\"elementor-widget-container\">\n\t\t\t\t\t<h2 class=\"elementor-heading-title elementor-size-default\">Filtre de recherche de produit instantan\u00e9<\/h2>\t\t\t\t<\/div>\n\t\t\t\t<\/div>\n\t\t\t\t\t<\/div>\n\t\t<\/div>\n\t\t\t\t\t<\/div>\n\t\t<\/section>\n\t\t\t\t<section class=\"elementor-section elementor-top-section elementor-element elementor-element-c78d0dd elementor-section-boxed elementor-section-height-default elementor-section-height-default\" data-id=\"c78d0dd\" data-element_type=\"section\" data-e-type=\"section\" data-settings=\"{&quot;background_background&quot;:&quot;classic&quot;}\">\n\t\t\t\t\t\t<div class=\"elementor-container elementor-column-gap-wide\">\n\t\t\t\t\t<div class=\"elementor-column elementor-col-33 elementor-top-column elementor-element elementor-element-392d444\" data-id=\"392d444\" data-element_type=\"column\" data-e-type=\"column\">\n\t\t\t<div class=\"elementor-widget-wrap elementor-element-populated\">\n\t\t\t\t\t\t<div class=\"elementor-element elementor-element-d74f7a9 elementor-widget elementor-widget-facetwp-facet\" data-id=\"d74f7a9\" data-element_type=\"widget\" data-e-type=\"widget\" data-widget_type=\"facetwp-facet.default\">\n\t\t\t\t<div class=\"elementor-widget-container\">\n\t\t\t\t\t\n        <div class=\"facet-wrap\">\n                            <h3>\n                    Type d'industrie                <\/h3>\n                        <div class=\"facetwp-facet facetwp-facet-categories facetwp-type-radio\" data-name=\"categories\" data-type=\"radio\"><\/div>        <\/div>\n\n        \t\t\t\t<\/div>\n\t\t\t\t<\/div>\n\t\t\t\t\t<\/div>\n\t\t<\/div>\n\t\t\t\t<div class=\"elementor-column elementor-col-33 elementor-top-column elementor-element elementor-element-8445fc9\" data-id=\"8445fc9\" data-element_type=\"column\" data-e-type=\"column\">\n\t\t\t<div class=\"elementor-widget-wrap elementor-element-populated\">\n\t\t\t\t\t\t<div class=\"elementor-element elementor-element-63f9e8d application-facet elementor-widget elementor-widget-facetwp-facet\" data-id=\"63f9e8d\" data-element_type=\"widget\" data-e-type=\"widget\" data-widget_type=\"facetwp-facet.default\">\n\t\t\t\t<div class=\"elementor-widget-container\">\n\t\t\t\t\t\n        <div class=\"facet-wrap\">\n                            <h3>\n                    Application                <\/h3>\n                        <div class=\"facetwp-facet facetwp-facet-application facetwp-type-radio\" data-name=\"application\" data-type=\"radio\"><\/div>        <\/div>\n\n        \t\t\t\t<\/div>\n\t\t\t\t<\/div>\n\t\t\t\t\t<\/div>\n\t\t<\/div>\n\t\t\t\t<div class=\"elementor-column elementor-col-33 elementor-top-column elementor-element elementor-element-16eded8\" data-id=\"16eded8\" data-element_type=\"column\" data-e-type=\"column\">\n\t\t\t<div class=\"elementor-widget-wrap elementor-element-populated\">\n\t\t\t\t\t\t<div class=\"elementor-element elementor-element-dca422d elementor-widget elementor-widget-facetwp-facet\" data-id=\"dca422d\" data-element_type=\"widget\" data-e-type=\"widget\" data-widget_type=\"facetwp-facet.default\">\n\t\t\t\t<div class=\"elementor-widget-container\">\n\t\t\t\t\t\n        <div class=\"facet-wrap\">\n                            <h3>\n                    Type de fonctionnement de la vanne                <\/h3>\n                        <div class=\"facetwp-facet facetwp-facet-valve_operation_type facetwp-type-radio\" data-name=\"valve_operation_type\" data-type=\"radio\"><\/div>        <\/div>\n\n        \t\t\t\t<\/div>\n\t\t\t\t<\/div>\n\t\t\t\t\t<\/div>\n\t\t<\/div>\n\t\t\t\t\t<\/div>\n\t\t<\/section>\n\t\t\t\t<section class=\"elementor-section elementor-top-section elementor-element elementor-element-53b7237 elementor-section-boxed elementor-section-height-default elementor-section-height-default\" data-id=\"53b7237\" data-element_type=\"section\" data-e-type=\"section\" data-settings=\"{&quot;background_background&quot;:&quot;classic&quot;}\">\n\t\t\t\t\t\t<div class=\"elementor-container elementor-column-gap-wide\">\n\t\t\t\t\t<div class=\"elementor-column elementor-col-33 elementor-top-column elementor-element elementor-element-3538db4\" data-id=\"3538db4\" data-element_type=\"column\" data-e-type=\"column\">\n\t\t\t<div class=\"elementor-widget-wrap elementor-element-populated\">\n\t\t\t\t\t\t<div class=\"elementor-element elementor-element-9283ffe elementor-widget elementor-widget-facetwp-facet\" data-id=\"9283ffe\" data-element_type=\"widget\" data-e-type=\"widget\" data-widget_type=\"facetwp-facet.default\">\n\t\t\t\t<div class=\"elementor-widget-container\">\n\t\t\t\t\t\n        <div class=\"facet-wrap\">\n                            <h3>\n                    Source d'\u00e9nergie                <\/h3>\n                        <div class=\"facetwp-facet facetwp-facet-power_source facetwp-type-dropdown\" data-name=\"power_source\" data-type=\"dropdown\"><\/div>        <\/div>\n\n        \t\t\t\t<\/div>\n\t\t\t\t<\/div>\n\t\t\t\t\t<\/div>\n\t\t<\/div>\n\t\t\t\t<div class=\"elementor-column elementor-col-33 elementor-top-column elementor-element elementor-element-0c024d5\" data-id=\"0c024d5\" data-element_type=\"column\" data-e-type=\"column\">\n\t\t\t<div class=\"elementor-widget-wrap elementor-element-populated\">\n\t\t\t\t\t\t<div class=\"elementor-element elementor-element-6a1d05e elementor-widget elementor-widget-facetwp-facet\" data-id=\"6a1d05e\" data-element_type=\"widget\" data-e-type=\"widget\" data-widget_type=\"facetwp-facet.default\">\n\t\t\t\t<div class=\"elementor-widget-container\">\n\t\t\t\t\t\n        <div class=\"facet-wrap\">\n                            <h3>\n                    Position de coupure de courant avec ressorts (simple effet)                <\/h3>\n                        <div class=\"facetwp-facet facetwp-facet-power_fail_position_with_springs_single_acting facetwp-type-dropdown\" data-name=\"power_fail_position_with_springs_single_acting\" data-type=\"dropdown\"><\/div>        <\/div>\n\n        \t\t\t\t<\/div>\n\t\t\t\t<\/div>\n\t\t\t\t\t<\/div>\n\t\t<\/div>\n\t\t\t\t<div class=\"elementor-column elementor-col-33 elementor-top-column elementor-element elementor-element-8cb6b3d\" data-id=\"8cb6b3d\" data-element_type=\"column\" data-e-type=\"column\">\n\t\t\t<div class=\"elementor-widget-wrap elementor-element-populated\">\n\t\t\t\t\t\t<div class=\"elementor-element elementor-element-1fc6f1f elementor-widget__width-auto elementor-widget elementor-widget-facetwp-facet\" data-id=\"1fc6f1f\" data-element_type=\"widget\" data-e-type=\"widget\" data-widget_type=\"facetwp-facet.default\">\n\t\t\t\t<div class=\"elementor-widget-container\">\n\t\t\t\t\t\n        <div class=\"facet-wrap\">\n                        <div class=\"facetwp-facet facetwp-facet-reset_search_copy facetwp-type-reset\" data-name=\"reset_search_copy\" data-type=\"reset\"><\/div>        <\/div>\n\n        \t\t\t\t<\/div>\n\t\t\t\t<\/div>\n\t\t\t\t\t<\/div>\n\t\t<\/div>\n\t\t\t\t\t<\/div>\n\t\t<\/section>\n\t\t\t\t<section class=\"elementor-section elementor-top-section elementor-element elementor-element-97a960e elementor-section-boxed elementor-section-height-default elementor-section-height-default\" data-id=\"97a960e\" data-element_type=\"section\" data-e-type=\"section\" data-settings=\"{&quot;background_background&quot;:&quot;classic&quot;}\">\n\t\t\t\t\t\t<div class=\"elementor-container elementor-column-gap-default\">\n\t\t\t\t\t<div class=\"elementor-column elementor-col-100 elementor-top-column elementor-element elementor-element-48a9eff\" data-id=\"48a9eff\" data-element_type=\"column\" data-e-type=\"column\">\n\t\t\t<div class=\"elementor-widget-wrap elementor-element-populated\">\n\t\t\t\t\t\t\t<\/div>\n\t\t<\/div>\n\t\t\t\t\t<\/div>\n\t\t<\/section>\n\t\t\t\t<\/div>\n\t\t","protected":false},"excerpt":{"rendered":"<p>Filtre de recherche de produit instantan\u00e9 Type d&rsquo;industrie Application Type de fonctionnement de la vanne Source d&rsquo;\u00e9nergie Position de coupure de courant avec ressorts (simple effet)<\/p>\n","protected":false},"author":5,"featured_media":0,"parent":0,"menu_order":0,"comment_status":"closed","ping_status":"closed","template":"","meta":{"_acf_changed":false,"content-type":"","site-sidebar-layout":"no-sidebar","site-content-layout":"","ast-site-content-layout":"full-width-container","site-content-style":"default","site-sidebar-style":"default","ast-global-header-display":"","ast-banner-title-visibility":"","ast-main-header-display":"","ast-hfb-above-header-display":"","ast-hfb-below-header-display":"","ast-hfb-mobile-header-display":"","site-post-title":"disabled","ast-breadcrumbs-content":"","ast-featured-img":"disabled","footer-sml-layout":"","ast-disable-related-posts":"","theme-transparent-header-meta":"","adv-header-id-meta":"","stick-header-meta":"","header-above-stick-meta":"","header-main-stick-meta":"","header-below-stick-meta":"","astra-migrate-meta-layouts":"default","ast-page-background-enabled":"default","ast-page-background-meta":{"desktop":{"background-color":"var(--ast-global-color-4)","background-image":"","background-repeat":"repeat","background-position":"center center","background-size":"auto","background-attachment":"scroll","background-type":"","background-media":"","overlay-type":"","overlay-color":"","overlay-opacity":"","overlay-gradient":""},"tablet":{"background-color":"","background-image":"","background-repeat":"repeat","background-position":"center center","background-size":"auto","background-attachment":"scroll","background-type":"","background-media":"","overlay-type":"","overlay-color":"","overlay-opacity":"","overlay-gradient":""},"mobile":{"background-color":"","background-image":"","background-repeat":"repeat","background-position":"center center","background-size":"auto","background-attachment":"scroll","background-type":"","background-media":"","overlay-type":"","overlay-color":"","overlay-opacity":"","overlay-gradient":""}},"ast-content-background-meta":{"desktop":{"background-color":"var(--ast-global-color-5)","background-image":"","background-repeat":"repeat","background-position":"center center","background-size":"auto","background-attachment":"scroll","background-type":"","background-media":"","overlay-type":"","overlay-color":"","overlay-opacity":"","overlay-gradient":""},"tablet":{"background-color":"var(--ast-global-color-5)","background-image":"","background-repeat":"repeat","background-position":"center center","background-size":"auto","background-attachment":"scroll","background-type":"","background-media":"","overlay-type":"","overlay-color":"","overlay-opacity":"","overlay-gradient":""},"mobile":{"background-color":"var(--ast-global-color-5)","background-image":"","background-repeat":"repeat","background-position":"center center","background-size":"auto","background-attachment":"scroll","background-type":"","background-media":"","overlay-type":"","overlay-color":"","overlay-opacity":"","overlay-gradient":""}},"footnotes":""},"categories":[],"tags":[],"class_list":["post-3821","page","type-page","status-publish","hentry"],"acf":[],"yoast_head":"<!-- This site is optimized with the Yoast SEO plugin v27.0 - https:\/\/yoast.com\/product\/yoast-seo-wordpress\/ -->\n<title>S\u00e9lecteur de produits - Cowan Dynamics<\/title>\n<meta name=\"robots\" content=\"index, follow, max-snippet:-1, max-image-preview:large, max-video-preview:-1\" \/>\n<link rel=\"canonical\" href=\"https:\/\/www.cowandynamics.com\/fr\/selecteur-de-produits\/\" \/>\n<meta property=\"og:locale\" content=\"fr_FR\" \/>\n<meta property=\"og:type\" content=\"article\" \/>\n<meta property=\"og:title\" content=\"S\u00e9lecteur de produits - Cowan Dynamics\" \/>\n<meta property=\"og:description\" content=\"Filtre de recherche de produit instantan\u00e9 Type d&rsquo;industrie Application Type de fonctionnement de la vanne Source d&rsquo;\u00e9nergie Position de coupure de courant avec ressorts (simple effet)\" \/>\n<meta property=\"og:url\" content=\"https:\/\/www.cowandynamics.com\/fr\/selecteur-de-produits\/\" \/>\n<meta property=\"og:site_name\" content=\"Cowan Dynamics\" \/>\n<meta property=\"article:modified_time\" content=\"2024-09-30T16:04:23+00:00\" \/>\n<meta name=\"twitter:card\" content=\"summary_large_image\" \/>\n<meta name=\"twitter:label1\" content=\"Dur\u00e9e de lecture estim\u00e9e\" \/>\n\t<meta name=\"twitter:data1\" content=\"10 minutes\" \/>\n<script type=\"application\/ld+json\" class=\"yoast-schema-graph\">{\"@context\":\"https:\/\/schema.org\",\"@graph\":[{\"@type\":\"WebPage\",\"@id\":\"https:\/\/www.cowandynamics.com\/fr\/selecteur-de-produits\/\",\"url\":\"https:\/\/www.cowandynamics.com\/fr\/selecteur-de-produits\/\",\"name\":\"S\u00e9lecteur de produits - Cowan Dynamics\",\"isPartOf\":{\"@id\":\"https:\/\/www.cowandynamics.com\/fr\/#website\"},\"datePublished\":\"2024-03-20T22:04:58+00:00\",\"dateModified\":\"2024-09-30T16:04:23+00:00\",\"breadcrumb\":{\"@id\":\"https:\/\/www.cowandynamics.com\/fr\/selecteur-de-produits\/#breadcrumb\"},\"inLanguage\":\"fr-FR\",\"potentialAction\":[{\"@type\":\"ReadAction\",\"target\":[\"https:\/\/www.cowandynamics.com\/fr\/selecteur-de-produits\/\"]}]},{\"@type\":\"BreadcrumbList\",\"@id\":\"https:\/\/www.cowandynamics.com\/fr\/selecteur-de-produits\/#breadcrumb\",\"itemListElement\":[{\"@type\":\"ListItem\",\"position\":1,\"name\":\"Home\",\"item\":\"https:\/\/www.cowandynamics.com\/fr\/\"},{\"@type\":\"ListItem\",\"position\":2,\"name\":\"S\u00e9lecteur de produits\"}]},{\"@type\":\"WebSite\",\"@id\":\"https:\/\/www.cowandynamics.com\/fr\/#website\",\"url\":\"https:\/\/www.cowandynamics.com\/fr\/\",\"name\":\"Cowan Dynamics\",\"description\":\"Cowan Dynamics\",\"publisher\":{\"@id\":\"https:\/\/www.cowandynamics.com\/fr\/#organization\"},\"potentialAction\":[{\"@type\":\"SearchAction\",\"target\":{\"@type\":\"EntryPoint\",\"urlTemplate\":\"https:\/\/www.cowandynamics.com\/fr\/?s={search_term_string}\"},\"query-input\":{\"@type\":\"PropertyValueSpecification\",\"valueRequired\":true,\"valueName\":\"search_term_string\"}}],\"inLanguage\":\"fr-FR\"},{\"@type\":\"Organization\",\"@id\":\"https:\/\/www.cowandynamics.com\/fr\/#organization\",\"name\":\"Cowan Dynamics\",\"url\":\"https:\/\/www.cowandynamics.com\/fr\/\",\"logo\":{\"@type\":\"ImageObject\",\"inLanguage\":\"fr-FR\",\"@id\":\"https:\/\/www.cowandynamics.com\/fr\/#\/schema\/logo\/image\/\",\"url\":\"https:\/\/www.cowandynamics.com\/wp-content\/uploads\/2024\/01\/Cowan_Log.png\",\"contentUrl\":\"https:\/\/www.cowandynamics.com\/wp-content\/uploads\/2024\/01\/Cowan_Log.png\",\"width\":256,\"height\":52,\"caption\":\"Cowan Dynamics\"},\"image\":{\"@id\":\"https:\/\/www.cowandynamics.com\/fr\/#\/schema\/logo\/image\/\"}}]}<\/script>\n<!-- \/ Yoast SEO plugin. -->","yoast_head_json":{"title":"S\u00e9lecteur de produits - Cowan Dynamics","robots":{"index":"index","follow":"follow","max-snippet":"max-snippet:-1","max-image-preview":"max-image-preview:large","max-video-preview":"max-video-preview:-1"},"canonical":"https:\/\/www.cowandynamics.com\/fr\/selecteur-de-produits\/","og_locale":"fr_FR","og_type":"article","og_title":"S\u00e9lecteur de produits - Cowan Dynamics","og_description":"Filtre de recherche de produit instantan\u00e9 Type d&rsquo;industrie Application Type de fonctionnement de la vanne Source d&rsquo;\u00e9nergie Position de coupure de courant avec ressorts (simple effet)","og_url":"https:\/\/www.cowandynamics.com\/fr\/selecteur-de-produits\/","og_site_name":"Cowan Dynamics","article_modified_time":"2024-09-30T16:04:23+00:00","twitter_card":"summary_large_image","twitter_misc":{"Dur\u00e9e de lecture estim\u00e9e":"10 minutes"},"schema":{"@context":"https:\/\/schema.org","@graph":[{"@type":"WebPage","@id":"https:\/\/www.cowandynamics.com\/fr\/selecteur-de-produits\/","url":"https:\/\/www.cowandynamics.com\/fr\/selecteur-de-produits\/","name":"S\u00e9lecteur de produits - Cowan Dynamics","isPartOf":{"@id":"https:\/\/www.cowandynamics.com\/fr\/#website"},"datePublished":"2024-03-20T22:04:58+00:00","dateModified":"2024-09-30T16:04:23+00:00","breadcrumb":{"@id":"https:\/\/www.cowandynamics.com\/fr\/selecteur-de-produits\/#breadcrumb"},"inLanguage":"fr-FR","potentialAction":[{"@type":"ReadAction","target":["https:\/\/www.cowandynamics.com\/fr\/selecteur-de-produits\/"]}]},{"@type":"BreadcrumbList","@id":"https:\/\/www.cowandynamics.com\/fr\/selecteur-de-produits\/#breadcrumb","itemListElement":[{"@type":"ListItem","position":1,"name":"Home","item":"https:\/\/www.cowandynamics.com\/fr\/"},{"@type":"ListItem","position":2,"name":"S\u00e9lecteur de produits"}]},{"@type":"WebSite","@id":"https:\/\/www.cowandynamics.com\/fr\/#website","url":"https:\/\/www.cowandynamics.com\/fr\/","name":"Cowan Dynamics","description":"Cowan Dynamics","publisher":{"@id":"https:\/\/www.cowandynamics.com\/fr\/#organization"},"potentialAction":[{"@type":"SearchAction","target":{"@type":"EntryPoint","urlTemplate":"https:\/\/www.cowandynamics.com\/fr\/?s={search_term_string}"},"query-input":{"@type":"PropertyValueSpecification","valueRequired":true,"valueName":"search_term_string"}}],"inLanguage":"fr-FR"},{"@type":"Organization","@id":"https:\/\/www.cowandynamics.com\/fr\/#organization","name":"Cowan Dynamics","url":"https:\/\/www.cowandynamics.com\/fr\/","logo":{"@type":"ImageObject","inLanguage":"fr-FR","@id":"https:\/\/www.cowandynamics.com\/fr\/#\/schema\/logo\/image\/","url":"https:\/\/www.cowandynamics.com\/wp-content\/uploads\/2024\/01\/Cowan_Log.png","contentUrl":"https:\/\/www.cowandynamics.com\/wp-content\/uploads\/2024\/01\/Cowan_Log.png","width":256,"height":52,"caption":"Cowan Dynamics"},"image":{"@id":"https:\/\/www.cowandynamics.com\/fr\/#\/schema\/logo\/image\/"}}]}},"_links":{"self":[{"href":"https:\/\/www.cowandynamics.com\/fr\/wp-json\/wp\/v2\/pages\/3821","targetHints":{"allow":["GET"]}}],"collection":[{"href":"https:\/\/www.cowandynamics.com\/fr\/wp-json\/wp\/v2\/pages"}],"about":[{"href":"https:\/\/www.cowandynamics.com\/fr\/wp-json\/wp\/v2\/types\/page"}],"author":[{"embeddable":true,"href":"https:\/\/www.cowandynamics.com\/fr\/wp-json\/wp\/v2\/users\/5"}],"replies":[{"embeddable":true,"href":"https:\/\/www.cowandynamics.com\/fr\/wp-json\/wp\/v2\/comments?post=3821"}],"version-history":[{"count":0,"href":"https:\/\/www.cowandynamics.com\/fr\/wp-json\/wp\/v2\/pages\/3821\/revisions"}],"wp:attachment":[{"href":"https:\/\/www.cowandynamics.com\/fr\/wp-json\/wp\/v2\/media?parent=3821"}],"wp:term":[{"taxonomy":"category","embeddable":true,"href":"https:\/\/www.cowandynamics.com\/fr\/wp-json\/wp\/v2\/categories?post=3821"},{"taxonomy":"post_tag","embeddable":true,"href":"https:\/\/www.cowandynamics.com\/fr\/wp-json\/wp\/v2\/tags?post=3821"}],"curies":[{"name":"wp","href":"https:\/\/api.w.org\/{rel}","templated":true}]}}